{"id":46,"date":"2026-03-16T09:45:56","date_gmt":"2026-03-16T09:45:56","guid":{"rendered":"https:\/\/www.hksmuhendislik.com.tr\/?page_id=46"},"modified":"2026-03-24T13:42:09","modified_gmt":"2026-03-24T13:42:09","slug":"hizmetlerimiz","status":"publish","type":"page","link":"https:\/\/www.hksmuhendislik.com.tr\/index.php\/hizmetlerimiz\/","title":{"rendered":"Hizmetlerimiz"},"content":{"rendered":"\t\t<div data-elementor-type=\"wp-page\" data-elementor-id=\"46\" class=\"elementor elementor-46\" data-elementor-post-type=\"page\">\n\t\t\t\t<div class=\"elementor-element elementor-element-318daf0 e-flex e-con-boxed e-con e-parent\" data-id=\"318daf0\" data-element_type=\"container\" data-e-type=\"container\">\n\t\t\t\t\t<div class=\"e-con-inner\">\n\t\t\t\t<div class=\"elementor-element elementor-element-6a0defc elementor-widget elementor-widget-heading\" data-id=\"6a0defc\" data-element_type=\"widget\" data-e-type=\"widget\" data-widget_type=\"heading.default\">\n\t\t\t\t\t<h2 class=\"elementor-heading-title elementor-size-default\"><a href=\"https:\/\/www.hksmuhendislik.com.tr\/index.php\/havalandirma-sistemleri\/\">Havaland\u0131rma Sistemleri<\/a><\/h2>\t\t\t\t<\/div>\n\t\t\t\t\t<\/div>\n\t\t\t\t<\/div>\n\t\t<div class=\"elementor-element elementor-element-6e1a3a5 e-flex e-con-boxed e-con e-parent\" data-id=\"6e1a3a5\" data-element_type=\"container\" data-e-type=\"container\">\n\t\t\t\t\t<div class=\"e-con-inner\">\n\t\t\t\t<div class=\"elementor-element elementor-element-4777c72 elementor-widget elementor-widget-image\" data-id=\"4777c72\" data-element_type=\"widget\" data-e-type=\"widget\" data-widget_type=\"image.default\">\n\t\t\t\t\t\t\t\t\t\t\t\t\t\t\t<img fetchpriority=\"high\" decoding=\"async\" width=\"2560\" height=\"1050\" src=\"https:\/\/www.hksmuhendislik.com.tr\/wp-content\/uploads\/2026\/03\/342a2c83-f989-4702-ac5e-65a21f1a7b6e-scaled.png\" class=\"attachment-full size-full wp-image-128\" alt=\"\" srcset=\"https:\/\/www.hksmuhendislik.com.tr\/wp-content\/uploads\/2026\/03\/342a2c83-f989-4702-ac5e-65a21f1a7b6e-scaled.png 2560w, https:\/\/www.hksmuhendislik.com.tr\/wp-content\/uploads\/2026\/03\/342a2c83-f989-4702-ac5e-65a21f1a7b6e-300x123.png 300w, https:\/\/www.hksmuhendislik.com.tr\/wp-content\/uploads\/2026\/03\/342a2c83-f989-4702-ac5e-65a21f1a7b6e-1024x420.png 1024w, https:\/\/www.hksmuhendislik.com.tr\/wp-content\/uploads\/2026\/03\/342a2c83-f989-4702-ac5e-65a21f1a7b6e-768x315.png 768w, https:\/\/www.hksmuhendislik.com.tr\/wp-content\/uploads\/2026\/03\/342a2c83-f989-4702-ac5e-65a21f1a7b6e-1536x630.png 1536w, https:\/\/www.hksmuhendislik.com.tr\/wp-content\/uploads\/2026\/03\/342a2c83-f989-4702-ac5e-65a21f1a7b6e-2048x840.png 2048w\" sizes=\"(max-width: 2560px) 100vw, 2560px\" \/>\t\t\t\t\t\t\t\t\t\t\t\t\t\t\t<\/div>\n\t\t\t\t\t<\/div>\n\t\t\t\t<\/div>\n\t\t<div class=\"elementor-element elementor-element-06e1299 e-flex e-con-boxed e-con e-parent\" data-id=\"06e1299\" data-element_type=\"container\" data-e-type=\"container\">\n\t\t\t\t\t<div class=\"e-con-inner\">\n\t\t\t\t<div class=\"elementor-element elementor-element-2d099c6 elementor-widget elementor-widget-text-editor\" data-id=\"2d099c6\" data-element_type=\"widget\" data-e-type=\"widget\" data-widget_type=\"text-editor.default\">\n\t\t\t\t\t\t\t\t\t<p>Havaland\u0131rma sistemleri, kapal\u0131 alanlarda temiz hava sirk\u00fclasyonunu sa\u011flayarak sa\u011fl\u0131kl\u0131 ve konforlu ya\u015fam alanlar\u0131 olu\u015fturur. \u00d6zellikle ofis, fabrika, AVM ve konut gibi farkl\u0131 kullan\u0131m alanlar\u0131nda, do\u011fru projelendirilmi\u015f havaland\u0131rma \u00e7\u00f6z\u00fcmleri; i\u00e7 ortam hava kalitesini art\u0131r\u0131rken ayn\u0131 zamanda enerji verimlili\u011fi sa\u011flar. Modern havaland\u0131rma sistemleri, kirli havay\u0131 d\u0131\u015far\u0131 atarken taze havay\u0131 dengeli bir \u015fekilde i\u00e7eri alarak ortamda s\u00fcrekli hava yenilenmesi sa\u011flar.<\/p>\t\t\t\t\t\t\t\t<\/div>\n\t\t\t\t\t<\/div>\n\t\t\t\t<\/div>\n\t\t<div class=\"elementor-element elementor-element-5ab7e58 e-flex e-con-boxed e-con e-parent\" data-id=\"5ab7e58\" data-element_type=\"container\" data-e-type=\"container\">\n\t\t\t\t\t<div class=\"e-con-inner\">\n\t\t\t\t<div class=\"elementor-element elementor-element-10ef2c5 elementor-align-center elementor-widget elementor-widget-button\" data-id=\"10ef2c5\" data-element_type=\"widget\" data-e-type=\"widget\" data-widget_type=\"button.default\">\n\t\t\t\t\t\t\t\t\t\t<a class=\"elementor-button elementor-button-link elementor-size-sm\" href=\"https:\/\/www.hksmuhendislik.com.tr\/index.php\/havalandirma-sistemleri\/\">\n\t\t\t\t\t\t<span class=\"elementor-button-content-wrapper\">\n\t\t\t\t\t\t\t\t\t<span class=\"elementor-button-text\">Devam\u0131n\u0131 g\u00f6r<\/span>\n\t\t\t\t\t<\/span>\n\t\t\t\t\t<\/a>\n\t\t\t\t\t\t\t\t<\/div>\n\t\t\t\t\t<\/div>\n\t\t\t\t<\/div>\n\t\t<div class=\"elementor-element elementor-element-5d2d19d e-flex e-con-boxed e-con e-parent\" data-id=\"5d2d19d\" data-element_type=\"container\" data-e-type=\"container\">\n\t\t\t\t\t<div class=\"e-con-inner\">\n\t\t\t\t<div class=\"elementor-element elementor-element-b8d13bf elementor-widget-divider--separator-type-pattern elementor-widget-divider--no-spacing elementor-widget-divider--view-line elementor-widget elementor-widget-divider\" data-id=\"b8d13bf\" data-element_type=\"widget\" data-e-type=\"widget\" data-widget_type=\"divider.default\">\n\t\t\t\t\t\t\t<div class=\"elementor-divider\" style=\"--divider-pattern-url: url(&quot;data:image\/svg+xml,%3Csvg xmlns=&#039;http:\/\/www.w3.org\/2000\/svg&#039; preserveAspectRatio=&#039;none&#039; overflow=&#039;visible&#039; height=&#039;100%&#039; viewBox=&#039;0 0 24 24&#039; fill=&#039;black&#039; stroke=&#039;none&#039;%3E%3Cpath d=&#039;M24,8v12H0V8H24z M24,4v1H0V4H24z&#039;\/%3E%3C\/svg%3E&quot;);\">\n\t\t\t<span class=\"elementor-divider-separator\">\n\t\t\t\t\t\t<\/span>\n\t\t<\/div>\n\t\t\t\t\t\t<\/div>\n\t\t\t\t\t<\/div>\n\t\t\t\t<\/div>\n\t\t<div class=\"elementor-element elementor-element-cdd3f11 e-flex e-con-boxed e-con e-parent\" data-id=\"cdd3f11\" data-element_type=\"container\" data-e-type=\"container\">\n\t\t\t\t\t<div class=\"e-con-inner\">\n\t\t\t\t<div class=\"elementor-element elementor-element-33a7e67 elementor-widget elementor-widget-heading\" data-id=\"33a7e67\" data-element_type=\"widget\" data-e-type=\"widget\" data-widget_type=\"heading.default\">\n\t\t\t\t\t<h2 class=\"elementor-heading-title elementor-size-default\"><a href=\"https:\/\/www.hksmuhendislik.com.tr\/index.php\/isitma-sistemleri\/\">Is\u0131tma Sistemleri<\/a><\/h2>\t\t\t\t<\/div>\n\t\t\t\t\t<\/div>\n\t\t\t\t<\/div>\n\t\t<div class=\"elementor-element elementor-element-2475b42 e-flex e-con-boxed e-con e-parent\" data-id=\"2475b42\" data-element_type=\"container\" data-e-type=\"container\">\n\t\t\t\t\t<div class=\"e-con-inner\">\n\t\t\t\t<div class=\"elementor-element elementor-element-c8bbdc8 elementor-widget elementor-widget-image\" data-id=\"c8bbdc8\" data-element_type=\"widget\" data-e-type=\"widget\" data-widget_type=\"image.default\">\n\t\t\t\t\t\t\t\t\t\t\t\t\t\t\t<img decoding=\"async\" width=\"2560\" height=\"1050\" src=\"https:\/\/www.hksmuhendislik.com.tr\/wp-content\/uploads\/2026\/03\/c62d3c55-2ca4-4421-a316-38bf7ce2379d-scaled.png\" class=\"attachment-full size-full wp-image-133\" alt=\"\" srcset=\"https:\/\/www.hksmuhendislik.com.tr\/wp-content\/uploads\/2026\/03\/c62d3c55-2ca4-4421-a316-38bf7ce2379d-scaled.png 2560w, https:\/\/www.hksmuhendislik.com.tr\/wp-content\/uploads\/2026\/03\/c62d3c55-2ca4-4421-a316-38bf7ce2379d-300x123.png 300w, https:\/\/www.hksmuhendislik.com.tr\/wp-content\/uploads\/2026\/03\/c62d3c55-2ca4-4421-a316-38bf7ce2379d-1024x420.png 1024w, https:\/\/www.hksmuhendislik.com.tr\/wp-content\/uploads\/2026\/03\/c62d3c55-2ca4-4421-a316-38bf7ce2379d-768x315.png 768w, https:\/\/www.hksmuhendislik.com.tr\/wp-content\/uploads\/2026\/03\/c62d3c55-2ca4-4421-a316-38bf7ce2379d-1536x630.png 1536w, https:\/\/www.hksmuhendislik.com.tr\/wp-content\/uploads\/2026\/03\/c62d3c55-2ca4-4421-a316-38bf7ce2379d-2048x840.png 2048w\" sizes=\"(max-width: 2560px) 100vw, 2560px\" \/>\t\t\t\t\t\t\t\t\t\t\t\t\t\t\t<\/div>\n\t\t\t\t\t<\/div>\n\t\t\t\t<\/div>\n\t\t<div class=\"elementor-element elementor-element-e3fb497 e-flex e-con-boxed e-con e-parent\" data-id=\"e3fb497\" data-element_type=\"container\" data-e-type=\"container\">\n\t\t\t\t\t<div class=\"e-con-inner\">\n\t\t\t\t<div class=\"elementor-element elementor-element-e4b2ded elementor-widget elementor-widget-text-editor\" data-id=\"e4b2ded\" data-element_type=\"widget\" data-e-type=\"widget\" data-widget_type=\"text-editor.default\">\n\t\t\t\t\t\t\t\t\t<p>Is\u0131tma sistemleri, ya\u015fam ve \u00e7al\u0131\u015fma alanlar\u0131nda ideal s\u0131cakl\u0131k seviyesini sa\u011flayarak konforlu ve verimli ortamlar olu\u015fturur. G\u00fcn\u00fcm\u00fczde geli\u015fmi\u015f \u0131s\u0131tma \u00e7\u00f6z\u00fcmleri; do\u011falgazl\u0131 sistemler, merkezi \u0131s\u0131tma sistemleri, yerden \u0131s\u0131tma ve end\u00fcstriyel \u0131s\u0131tma uygulamalar\u0131 ile geni\u015f bir kullan\u0131m alan\u0131na sahiptir. Do\u011fru projelendirilmi\u015f \u0131s\u0131tma sistemleri, hem enerji tasarrufu sa\u011flar hem de d\u00fc\u015f\u00fck i\u015fletme maliyetleri ile uzun vadeli avantaj sunar.<\/p>\t\t\t\t\t\t\t\t<\/div>\n\t\t\t\t\t<\/div>\n\t\t\t\t<\/div>\n\t\t<div class=\"elementor-element elementor-element-28abb52 e-flex e-con-boxed e-con e-parent\" data-id=\"28abb52\" data-element_type=\"container\" data-e-type=\"container\">\n\t\t\t\t\t<div class=\"e-con-inner\">\n\t\t\t\t<div class=\"elementor-element elementor-element-41d309f elementor-align-center elementor-widget elementor-widget-button\" data-id=\"41d309f\" data-element_type=\"widget\" data-e-type=\"widget\" data-widget_type=\"button.default\">\n\t\t\t\t\t\t\t\t\t\t<a class=\"elementor-button elementor-button-link elementor-size-sm\" href=\"https:\/\/www.hksmuhendislik.com.tr\/index.php\/isitma-sistemleri\/\">\n\t\t\t\t\t\t<span class=\"elementor-button-content-wrapper\">\n\t\t\t\t\t\t\t\t\t<span class=\"elementor-button-text\">Devam\u0131n\u0131 G\u00f6r<\/span>\n\t\t\t\t\t<\/span>\n\t\t\t\t\t<\/a>\n\t\t\t\t\t\t\t\t<\/div>\n\t\t\t\t\t<\/div>\n\t\t\t\t<\/div>\n\t\t<div class=\"elementor-element elementor-element-49e14f5 e-flex e-con-boxed e-con e-parent\" data-id=\"49e14f5\" data-element_type=\"container\" data-e-type=\"container\">\n\t\t\t\t\t<div class=\"e-con-inner\">\n\t\t\t\t<div class=\"elementor-element elementor-element-d2d1672 elementor-widget-divider--separator-type-pattern elementor-widget-divider--no-spacing elementor-widget-divider--view-line elementor-widget elementor-widget-divider\" data-id=\"d2d1672\" data-element_type=\"widget\" data-e-type=\"widget\" data-widget_type=\"divider.default\">\n\t\t\t\t\t\t\t<div class=\"elementor-divider\" style=\"--divider-pattern-url: url(&quot;data:image\/svg+xml,%3Csvg xmlns=&#039;http:\/\/www.w3.org\/2000\/svg&#039; preserveAspectRatio=&#039;none&#039; overflow=&#039;visible&#039; height=&#039;100%&#039; viewBox=&#039;0 0 24 24&#039; fill=&#039;black&#039; stroke=&#039;none&#039;%3E%3Cpath d=&#039;M24,8v12H0V8H24z M24,4v1H0V4H24z&#039;\/%3E%3C\/svg%3E&quot;);\">\n\t\t\t<span class=\"elementor-divider-separator\">\n\t\t\t\t\t\t<\/span>\n\t\t<\/div>\n\t\t\t\t\t\t<\/div>\n\t\t\t\t\t<\/div>\n\t\t\t\t<\/div>\n\t\t<div class=\"elementor-element elementor-element-fdbe752 e-flex e-con-boxed e-con e-parent\" data-id=\"fdbe752\" data-element_type=\"container\" data-e-type=\"container\">\n\t\t\t\t\t<div class=\"e-con-inner\">\n\t\t\t\t<div class=\"elementor-element elementor-element-9a6b6be elementor-widget elementor-widget-heading\" data-id=\"9a6b6be\" data-element_type=\"widget\" data-e-type=\"widget\" data-widget_type=\"heading.default\">\n\t\t\t\t\t<h2 class=\"elementor-heading-title elementor-size-default\"><a href=\"https:\/\/www.hksmuhendislik.com.tr\/index.php\/merkezi-klima-sistemleri\/\">Merkezi Klima Sistemleri\n<\/a><\/h2>\t\t\t\t<\/div>\n\t\t\t\t<div class=\"elementor-element elementor-element-59886ae elementor-widget elementor-widget-image\" data-id=\"59886ae\" data-element_type=\"widget\" data-e-type=\"widget\" data-widget_type=\"image.default\">\n\t\t\t\t\t\t\t\t\t\t\t\t\t\t\t<img decoding=\"async\" width=\"2560\" height=\"1050\" src=\"https:\/\/www.hksmuhendislik.com.tr\/wp-content\/uploads\/2026\/03\/00c1005c-b5f9-4541-b449-24e7ef9e0f06-scaled.png\" class=\"attachment-full size-full wp-image-136\" alt=\"\" srcset=\"https:\/\/www.hksmuhendislik.com.tr\/wp-content\/uploads\/2026\/03\/00c1005c-b5f9-4541-b449-24e7ef9e0f06-scaled.png 2560w, https:\/\/www.hksmuhendislik.com.tr\/wp-content\/uploads\/2026\/03\/00c1005c-b5f9-4541-b449-24e7ef9e0f06-300x123.png 300w, https:\/\/www.hksmuhendislik.com.tr\/wp-content\/uploads\/2026\/03\/00c1005c-b5f9-4541-b449-24e7ef9e0f06-1024x420.png 1024w, https:\/\/www.hksmuhendislik.com.tr\/wp-content\/uploads\/2026\/03\/00c1005c-b5f9-4541-b449-24e7ef9e0f06-768x315.png 768w, https:\/\/www.hksmuhendislik.com.tr\/wp-content\/uploads\/2026\/03\/00c1005c-b5f9-4541-b449-24e7ef9e0f06-1536x630.png 1536w, https:\/\/www.hksmuhendislik.com.tr\/wp-content\/uploads\/2026\/03\/00c1005c-b5f9-4541-b449-24e7ef9e0f06-2048x840.png 2048w\" sizes=\"(max-width: 2560px) 100vw, 2560px\" \/>\t\t\t\t\t\t\t\t\t\t\t\t\t\t\t<\/div>\n\t\t\t\t\t<\/div>\n\t\t\t\t<\/div>\n\t\t<div class=\"elementor-element elementor-element-11c685f e-flex e-con-boxed e-con e-parent\" data-id=\"11c685f\" data-element_type=\"container\" data-e-type=\"container\">\n\t\t\t\t\t<div class=\"e-con-inner\">\n\t\t\t\t<div class=\"elementor-element elementor-element-c5a0a92 elementor-widget elementor-widget-text-editor\" data-id=\"c5a0a92\" data-element_type=\"widget\" data-e-type=\"widget\" data-widget_type=\"text-editor.default\">\n\t\t\t\t\t\t\t\t\t<p>Merkezi klima sistemleri, b\u00fcy\u00fck alanlarda homojen s\u0131cakl\u0131k kontrol\u00fc sa\u011flayarak konforlu ve dengeli bir i\u00e7 ortam olu\u015fturur. AVM, hastane, otel, ofis ve end\u00fcstriyel tesislerde yayg\u0131n olarak kullan\u0131lan bu sistemler, tek merkezden kontrol edilebilme \u00f6zelli\u011fi sayesinde hem kullan\u0131m kolayl\u0131\u011f\u0131 hem de enerji verimlili\u011fi sunar. Geli\u015fmi\u015f merkezi klima \u00e7\u00f6z\u00fcmleri, ortam\u0131n ihtiyac\u0131na g\u00f6re so\u011futma ve havaland\u0131rma i\u015flemlerini optimize ederek maksimum performans sa\u011flar.<\/p>\t\t\t\t\t\t\t\t<\/div>\n\t\t\t\t<div class=\"elementor-element elementor-element-ec728c5 elementor-align-center elementor-widget elementor-widget-button\" data-id=\"ec728c5\" data-element_type=\"widget\" data-e-type=\"widget\" data-widget_type=\"button.default\">\n\t\t\t\t\t\t\t\t\t\t<a class=\"elementor-button elementor-button-link elementor-size-sm\" href=\"https:\/\/www.hksmuhendislik.com.tr\/index.php\/merkezi-klima-sistemleri\/\">\n\t\t\t\t\t\t<span class=\"elementor-button-content-wrapper\">\n\t\t\t\t\t\t\t\t\t<span class=\"elementor-button-text\">Devam\u0131n\u0131 G\u00f6r..<\/span>\n\t\t\t\t\t<\/span>\n\t\t\t\t\t<\/a>\n\t\t\t\t\t\t\t\t<\/div>\n\t\t\t\t\t<\/div>\n\t\t\t\t<\/div>\n\t\t<div class=\"elementor-element elementor-element-10620e3 e-flex e-con-boxed e-con e-parent\" data-id=\"10620e3\" data-element_type=\"container\" data-e-type=\"container\">\n\t\t\t\t\t<div class=\"e-con-inner\">\n\t\t\t\t<div class=\"elementor-element elementor-element-b907dd9 elementor-widget-divider--separator-type-pattern elementor-widget-divider--no-spacing elementor-widget-divider--view-line elementor-widget elementor-widget-divider\" data-id=\"b907dd9\" data-element_type=\"widget\" data-e-type=\"widget\" data-widget_type=\"divider.default\">\n\t\t\t\t\t\t\t<div class=\"elementor-divider\" style=\"--divider-pattern-url: url(&quot;data:image\/svg+xml,%3Csvg xmlns=&#039;http:\/\/www.w3.org\/2000\/svg&#039; preserveAspectRatio=&#039;none&#039; overflow=&#039;visible&#039; height=&#039;100%&#039; viewBox=&#039;0 0 24 24&#039; fill=&#039;black&#039; stroke=&#039;none&#039;%3E%3Cpath d=&#039;M24,8v12H0V8H24z M24,4v1H0V4H24z&#039;\/%3E%3C\/svg%3E&quot;);\">\n\t\t\t<span class=\"elementor-divider-separator\">\n\t\t\t\t\t\t<\/span>\n\t\t<\/div>\n\t\t\t\t\t\t<\/div>\n\t\t\t\t<div class=\"elementor-element elementor-element-28452c2 elementor-widget elementor-widget-heading\" data-id=\"28452c2\" data-element_type=\"widget\" data-e-type=\"widget\" data-widget_type=\"heading.default\">\n\t\t\t\t\t<h2 class=\"elementor-heading-title elementor-size-default\"><a href=\"https:\/\/www.hksmuhendislik.com.tr\/index.php\/yangin-sondurme-sistemleri\/\">Yang\u0131n S\u00f6nd\u00fcrme Sistemleri<\/a><\/h2>\t\t\t\t<\/div>\n\t\t\t\t\t<\/div>\n\t\t\t\t<\/div>\n\t\t<div class=\"elementor-element elementor-element-e2751f4 e-flex e-con-boxed e-con e-parent\" data-id=\"e2751f4\" data-element_type=\"container\" data-e-type=\"container\">\n\t\t\t\t\t<div class=\"e-con-inner\">\n\t\t\t\t<div class=\"elementor-element elementor-element-3c23630 elementor-widget elementor-widget-image\" data-id=\"3c23630\" data-element_type=\"widget\" data-e-type=\"widget\" data-widget_type=\"image.default\">\n\t\t\t\t\t\t\t\t\t\t\t\t\t\t\t<img loading=\"lazy\" decoding=\"async\" width=\"2560\" height=\"1050\" src=\"https:\/\/www.hksmuhendislik.com.tr\/wp-content\/uploads\/2026\/03\/5818fcef-61dd-49fb-ac74-096f0fce12ad-scaled.png\" class=\"attachment-full size-full wp-image-140\" alt=\"\" srcset=\"https:\/\/www.hksmuhendislik.com.tr\/wp-content\/uploads\/2026\/03\/5818fcef-61dd-49fb-ac74-096f0fce12ad-scaled.png 2560w, https:\/\/www.hksmuhendislik.com.tr\/wp-content\/uploads\/2026\/03\/5818fcef-61dd-49fb-ac74-096f0fce12ad-300x123.png 300w, https:\/\/www.hksmuhendislik.com.tr\/wp-content\/uploads\/2026\/03\/5818fcef-61dd-49fb-ac74-096f0fce12ad-1024x420.png 1024w, https:\/\/www.hksmuhendislik.com.tr\/wp-content\/uploads\/2026\/03\/5818fcef-61dd-49fb-ac74-096f0fce12ad-768x315.png 768w, https:\/\/www.hksmuhendislik.com.tr\/wp-content\/uploads\/2026\/03\/5818fcef-61dd-49fb-ac74-096f0fce12ad-1536x630.png 1536w, https:\/\/www.hksmuhendislik.com.tr\/wp-content\/uploads\/2026\/03\/5818fcef-61dd-49fb-ac74-096f0fce12ad-2048x840.png 2048w\" sizes=\"(max-width: 2560px) 100vw, 2560px\" \/>\t\t\t\t\t\t\t\t\t\t\t\t\t\t\t<\/div>\n\t\t\t\t<div class=\"elementor-element elementor-element-9bf7fa7 elementor-widget elementor-widget-text-editor\" data-id=\"9bf7fa7\" data-element_type=\"widget\" data-e-type=\"widget\" data-widget_type=\"text-editor.default\">\n\t\t\t\t\t\t\t\t\t<p>Yang\u0131n s\u00f6nd\u00fcrme sistemleri, can ve mal g\u00fcvenli\u011fini korumak amac\u0131yla geli\u015ftirilen hayati \u00f6neme sahip g\u00fcvenlik \u00e7\u00f6z\u00fcmleridir. Konutlardan end\u00fcstriyel tesislere, al\u0131\u015fveri\u015f merkezlerinden hastanelere kadar geni\u015f bir kullan\u0131m alan\u0131na sahip olan bu sistemler, yang\u0131n riskine kar\u015f\u0131 h\u0131zl\u0131 ve etkili m\u00fcdahale sa\u011flar. Modern yang\u0131n s\u00f6nd\u00fcrme sistemleri, erken tespit ve otomatik m\u00fcdahale \u00f6zellikleri sayesinde olas\u0131 yang\u0131nlar\u0131n b\u00fcy\u00fcmesini engelleyerek b\u00fcy\u00fck zararlar\u0131n \u00f6n\u00fcne ge\u00e7er.<\/p>\t\t\t\t\t\t\t\t<\/div>\n\t\t\t\t<div class=\"elementor-element elementor-element-c9c5632 elementor-align-center elementor-widget elementor-widget-button\" data-id=\"c9c5632\" data-element_type=\"widget\" data-e-type=\"widget\" data-widget_type=\"button.default\">\n\t\t\t\t\t\t\t\t\t\t<a class=\"elementor-button elementor-button-link elementor-size-sm\" href=\"https:\/\/www.hksmuhendislik.com.tr\/index.php\/yangin-sondurme-sistemleri\/\">\n\t\t\t\t\t\t<span class=\"elementor-button-content-wrapper\">\n\t\t\t\t\t\t\t\t\t<span class=\"elementor-button-text\">Devam\u0131n\u0131 G\u00f6r..<\/span>\n\t\t\t\t\t<\/span>\n\t\t\t\t\t<\/a>\n\t\t\t\t\t\t\t\t<\/div>\n\t\t\t\t<div class=\"elementor-element elementor-element-73be484 elementor-widget-divider--view-line elementor-widget elementor-widget-divider\" data-id=\"73be484\" data-element_type=\"widget\" data-e-type=\"widget\" data-widget_type=\"divider.default\">\n\t\t\t\t\t\t\t<div class=\"elementor-divider\">\n\t\t\t<span class=\"elementor-divider-separator\">\n\t\t\t\t\t\t<\/span>\n\t\t<\/div>\n\t\t\t\t\t\t<\/div>\n\t\t\t\t\t<\/div>\n\t\t\t\t<\/div>\n\t\t\t\t<\/div>\n\t\t","protected":false},"excerpt":{"rendered":"<p>Havaland\u0131rma Sistemleri Havaland\u0131rma sistemleri, kapal\u0131 alanlarda temiz hava sirk\u00fclasyonunu sa\u011flayarak sa\u011fl\u0131kl\u0131 ve konforlu ya\u015fam alanlar\u0131 olu\u015fturur. \u00d6zellikle ofis, fabrika, AVM ve konut gibi farkl\u0131 kullan\u0131m alanlar\u0131nda, do\u011fru projelendirilmi\u015f havaland\u0131rma \u00e7\u00f6z\u00fcmleri; i\u00e7 ortam hava kalitesini art\u0131r\u0131rken ayn\u0131 zamanda enerji verimlili\u011fi sa\u011flar. Modern havaland\u0131rma sistemleri, kirli havay\u0131 d\u0131\u015far\u0131 atarken taze havay\u0131 dengeli bir \u015fekilde i\u00e7eri alarak ortamda [&hellip;]<\/p>\n","protected":false},"author":1,"featured_media":0,"parent":0,"menu_order":0,"comment_status":"closed","ping_status":"closed","template":"","meta":{"footnotes":""},"class_list":["post-46","page","type-page","status-publish","hentry"],"_links":{"self":[{"href":"https:\/\/www.hksmuhendislik.com.tr\/index.php\/wp-json\/wp\/v2\/pages\/46","targetHints":{"allow":["GET"]}}],"collection":[{"href":"https:\/\/www.hksmuhendislik.com.tr\/index.php\/wp-json\/wp\/v2\/pages"}],"about":[{"href":"https:\/\/www.hksmuhendislik.com.tr\/index.php\/wp-json\/wp\/v2\/types\/page"}],"author":[{"embeddable":true,"href":"https:\/\/www.hksmuhendislik.com.tr\/index.php\/wp-json\/wp\/v2\/users\/1"}],"replies":[{"embeddable":true,"href":"https:\/\/www.hksmuhendislik.com.tr\/index.php\/wp-json\/wp\/v2\/comments?post=46"}],"version-history":[{"count":7,"href":"https:\/\/www.hksmuhendislik.com.tr\/index.php\/wp-json\/wp\/v2\/pages\/46\/revisions"}],"predecessor-version":[{"id":147,"href":"https:\/\/www.hksmuhendislik.com.tr\/index.php\/wp-json\/wp\/v2\/pages\/46\/revisions\/147"}],"wp:attachment":[{"href":"https:\/\/www.hksmuhendislik.com.tr\/index.php\/wp-json\/wp\/v2\/media?parent=46"}],"curies":[{"name":"wp","href":"https:\/\/api.w.org\/{rel}","templated":true}]}}